{"id":8051,"date":"2019-03-14T08:32:17","date_gmt":"2019-03-14T08:32:17","guid":{"rendered":"http:\/\/rohstoffe-erzgebirge.de\/team"},"modified":"2020-01-30T13:56:22","modified_gmt":"2020-01-30T12:56:22","slug":"team","status":"publish","type":"page","link":"https:\/\/rohstoffe-erzgebirge.de\/en\/team","title":{"rendered":"Team"},"content":{"rendered":"<section class=\"l-section wpb_row height_medium\"><div class=\"l-section-h i-cf\"><div class=\"g-cols vc_row via_flex valign_top type_default stacking_default\"><div class=\"vc_col-sm-12 wpb_column vc_column_container\"><div class=\"vc_column-inner\"><div class=\"wpb_wrapper\"><div class=\"w-separator us_custom_15f9d3f2 size_medium with_line width_default thick_1 style_solid color_border align_center with_text with_content\"><div class=\"w-separator-h\"><h2 class=\"w-separator-text\"><span>Projekt-Koordination<\/span><\/h2><\/div><\/div><div class=\"wpb_text_column us_custom_8d5aa4e2\"><div class=\"wpb_wrapper\"><h4 style=\"text-align: center;\"><span style=\"font-family: arial, helvetica, sans-serif; font-size: 24pt;\"><a href=\"http:\/\/www.beak.de\">Beak Consultants GmbH<\/a> <\/span><\/h4>\n<\/div><\/div><div class=\"g-cols wpb_row via_flex valign_top type_default stacking_default\"><div class=\"vc_col-sm-12 wpb_column vc_column_container\"><div class=\"vc_column-inner\"><div class=\"wpb_wrapper\"><div class=\"wpb_text_column\"><div class=\"wpb_wrapper\"><h4 style=\"text-align: center;\">Projektmanagement<\/h4>\n<p style=\"text-align: center;\"><span style=\"font-family: arial, helvetica, sans-serif; font-size: 14pt;\">Dr. Andreas Barth <\/span><\/p>\n<\/div><\/div><\/div><\/div><\/div><\/div><div class=\"g-cols wpb_row via_flex valign_top type_default stacking_default\"><div class=\"vc_col-sm-12 wpb_column vc_column_container\"><div class=\"vc_column-inner\"><div class=\"wpb_wrapper\"><div class=\"w-separator size_medium with_line width_default thick_1 style_solid color_border align_center\"><div class=\"w-separator-h\"><\/div><\/div><\/div><\/div><\/div><\/div><div class=\"g-cols wpb_row via_flex valign_top type_default stacking_default\"><div class=\"vc_col-sm-12 wpb_column vc_column_container\"><div class=\"vc_column-inner\"><div class=\"wpb_wrapper\"><div class=\"wpb_text_column\"><div class=\"wpb_wrapper\"><h4 style=\"text-align: center;\"><span style=\"font-family: arial, helvetica, sans-serif;\">Geologie, Mineralien, Geochemie, Modellierung<\/span><\/h4>\n<p style=\"text-align: center;\"><span style=\"font-size: 12pt; font-family: arial, helvetica, sans-serif;\">Andreas Brosig<\/span><\/p>\n<p style=\"text-align: center;\"><span style=\"font-size: 12pt; font-family: arial, helvetica, sans-serif;\">Peter Bock<\/span><\/p>\n<p style=\"text-align: center;\"><span style=\"font-size: 12pt; font-family: arial, helvetica, sans-serif;\">Enrico Kallmeier<\/span><\/p>\n<p style=\"text-align: center;\"><span style=\"font-size: 12pt; font-family: arial, helvetica, sans-serif;\">Andreas Knobloch<\/span><\/p>\n<p style=\"text-align: center;\"><span style=\"font-size: 12pt; font-family: arial, helvetica, sans-serif;\">Dr. Claus Legler<\/span><\/p>\n<p style=\"text-align: center;\"><span style=\"font-size: 12pt; font-family: arial, helvetica, sans-serif;\">Stefan Sch\u00e4fer<\/span><\/p>\n<\/div><\/div><div class=\"w-separator size_medium with_line width_default thick_1 style_solid color_border align_center\"><div class=\"w-separator-h\"><\/div><\/div><\/div><\/div><\/div><\/div><div class=\"g-cols wpb_row via_flex valign_top type_default stacking_default\"><div class=\"vc_col-sm-12 wpb_column vc_column_container\"><div class=\"vc_column-inner\"><div class=\"wpb_wrapper\"><div class=\"wpb_text_column\"><div class=\"wpb_wrapper\"><h4 style=\"text-align: center;\"><span style=\"font-family: arial, helvetica, sans-serif;\">Informationsmanagement<\/span><\/h4>\n<p style=\"text-align: center;\"><span style=\"font-family: arial, helvetica, sans-serif; font-size: 12pt;\">Thomas Berndt<\/span><\/p>\n<p style=\"text-align: center;\"><span style=\"font-size: 12pt; font-family: arial, helvetica, sans-serif;\">Steffen Schmidt<\/span><\/p>\n<p style=\"text-align: center;\"><span style=\"font-size: 12pt; font-family: arial, helvetica, sans-serif;\">Matthias Stahl<\/span><\/p>\n<p style=\"text-align: center;\">\n<\/div><\/div><div class=\"w-separator size_medium with_line width_default thick_1 style_solid color_border align_center\"><div class=\"w-separator-h\"><\/div><\/div><\/div><\/div><\/div><\/div><div class=\"g-cols wpb_row via_flex valign_top type_default stacking_default\"><div class=\"vc_col-sm-12 wpb_column vc_column_container\"><div class=\"vc_column-inner\"><div class=\"wpb_wrapper\"><div class=\"wpb_text_column\"><div class=\"wpb_wrapper\"><h4 style=\"text-align: center;\"><span style=\"font-family: arial, helvetica, sans-serif;\">GIS \/ Kartographie<\/span><\/h4>\n<p style=\"text-align: center;\"><span style=\"font-family: arial, helvetica, sans-serif;\">Cornelia Repper<\/span><\/p>\n<p style=\"text-align: center;\"><span style=\"font-family: arial, helvetica, sans-serif;\">Hannelore Scholz<\/span><\/p>\n<\/div><\/div><\/div><\/div><\/div><\/div><div class=\"g-cols wpb_row via_flex valign_top type_default stacking_default\"><div class=\"vc_col-sm-12 wpb_column vc_column_container\"><div class=\"vc_column-inner\"><div class=\"wpb_wrapper\"><div class=\"w-separator size_medium with_line width_default thick_1 style_solid color_border align_center\"><div class=\"w-separator-h\"><\/div><\/div><div class=\"wpb_text_column\"><div class=\"wpb_wrapper\"><h4 style=\"text-align: center;\"><span style=\"font-family: arial, helvetica, sans-serif;\">Web Design<\/span><\/h4>\n<p style=\"text-align: center;\"><span style=\"font-family: arial, helvetica, sans-serif;\">Steffen Schmidt<\/span><\/p>\n<\/div><\/div><\/div><\/div><\/div><\/div><\/div><\/div><\/div><\/div><\/div><\/section><section class=\"l-section wpb_row height_medium\"><div class=\"l-section-h i-cf\"><div class=\"g-cols vc_row via_flex valign_top type_default stacking_default\"><div class=\"vc_col-sm-12 wpb_column vc_column_container\"><div class=\"vc_column-inner\"><div class=\"wpb_wrapper\"><div class=\"w-separator us_custom_15f9d3f2 size_medium with_line width_default thick_1 style_solid color_border align_center with_text with_content\"><div class=\"w-separator-h\"><h2 class=\"w-separator-text\"><span>Partner<\/span><\/h2><\/div><\/div><div class=\"g-cols wpb_row via_flex valign_top type_default stacking_default\"><div class=\"vc_col-sm-12 wpb_column vc_column_container\"><div class=\"vc_column-inner\"><div class=\"wpb_wrapper\"><div class=\"wpb_text_column\"><div class=\"wpb_wrapper\"><h4 style=\"text-align: center;\"><a href=\"https:\/\/www.hzdr.de\/db\/Cms?pOid=32948&amp;pNid=2423\" target=\"_blank\" rel=\"noopener noreferrer\"><span style=\"font-family: arial, helvetica, sans-serif;\">Helmholtzinstitut Freiberg f\u00fcr Ressourcentechnologie<\/span><\/a><\/h4>\n<h4 style=\"text-align: center;\"><span style=\"font-family: arial, helvetica, sans-serif; font-size: 12pt;\">Prof. Dr. Jens Gutzmer<\/span><\/h4>\n<p style=\"text-align: center;\">Sophia R\u00fctters<\/p>\n<h4 style=\"text-align: center;\"><\/h4>\n<h4 style=\"text-align: center;\"><\/h4>\n<\/div><\/div><\/div><\/div><\/div><\/div><div class=\"g-cols wpb_row via_flex valign_top type_default stacking_default\"><div class=\"vc_col-sm-12 wpb_column vc_column_container\"><div class=\"vc_column-inner\"><div class=\"wpb_wrapper\"><div class=\"wpb_text_column\"><div class=\"wpb_wrapper\"><h4 style=\"text-align: center;\"><span style=\"font-family: arial, helvetica, sans-serif;\"><a href=\"https:\/\/tu-freiberg.de\/\" target=\"_blank\" rel=\"noopener noreferrer\">Technische Universit\u00e4t Freiberg<\/a><\/span><\/h4>\n<p style=\"text-align: center;\"><span style=\"font-size: 12pt; font-family: arial, helvetica, sans-serif;\">Prof. Dr. Thomas Seifert TU BAF<\/span><\/p>\n<p style=\"text-align: center;\"><span style=\"font-size: 12pt; font-family: arial, helvetica, sans-serif;\">Prof. Dr. Klaus Stanek TU BAF<\/span><\/p>\n<p style=\"text-align: center;\">Tobias Petermann<\/p>\n<p style=\"text-align: center;\">Blanka Sperner<\/p>\n<\/div><\/div><\/div><\/div><\/div><\/div><\/div><\/div><\/div><\/div><\/div><\/section><section class=\"l-section wpb_row height_medium\"><div class=\"l-section-h i-cf\"><div class=\"g-cols vc_row via_flex valign_top type_default stacking_default\"><div class=\"vc_col-sm-12 wpb_column vc_column_container\"><div class=\"vc_column-inner\"><div class=\"wpb_wrapper\"><div class=\"w-separator us_custom_15f9d3f2 size_medium with_line width_default thick_1 style_solid color_border align_center with_text with_content\"><div class=\"w-separator-h\"><h2 class=\"w-separator-text\"><span>Assoziierte Partner<\/span><\/h2><\/div><\/div><div class=\"wpb_text_column\"><div class=\"wpb_wrapper\"><h4 style=\"text-align: center;\"><span style=\"font-family: arial, helvetica, sans-serif; font-size: 18pt;\"><a href=\"https:\/\/www.avrupaminerals.com\/\" target=\"_blank\" rel=\"noopener noreferrer\">AVRUPA Minerals<\/a><\/span><\/h4>\n<h4 style=\"text-align: center;\"><span style=\"font-family: arial, helvetica, sans-serif; font-size: 18pt;\"><a href=\"http:\/\/www.anglosaxony.com\/\" target=\"_blank\" rel=\"noopener noreferrer\">Saxore Bergbau GmbH<\/a><\/span><\/h4>\n<\/div><\/div><\/div><\/div><\/div><\/div><\/div><\/section><section class=\"l-section wpb_row height_medium\"><div class=\"l-section-h i-cf\"><div class=\"g-cols vc_row via_flex valign_top type_default stacking_default\"><div class=\"vc_col-sm-12 wpb_column vc_column_container\"><div class=\"vc_column-inner\"><div class=\"wpb_wrapper\"><div class=\"w-separator us_custom_15f9d3f2 size_small with_line width_default thick_1 style_solid color_border align_center with_text with_content\"><div class=\"w-separator-h\"><h2 class=\"w-separator-text\"><span>Unterst\u00fctzt durch<\/span><\/h2><\/div><\/div><div class=\"wpb_text_column\"><div class=\"wpb_wrapper\"><h4 style=\"text-align: center;\"><span style=\"font-size: 18pt; font-family: arial, helvetica, sans-serif;\"><a href=\"http:\/\/www.smwa.sachsen.de\/\" target=\"_blank\" rel=\"noopener noreferrer\">S\u00e4chsisches Staatsministerium f\u00fcr Wirtschaft, Arbeit und Verkehr<\/a><\/span><\/h4>\n<h4 style=\"text-align: center;\"><span style=\"font-size: 18pt; font-family: arial, helvetica, sans-serif;\"><a href=\"https:\/\/www.smul.sachsen.de\/\" target=\"_blank\" rel=\"noopener noreferrer\">S\u00e4chsisches Landesamt f\u00fcr Umwelt, Landwirtschaft und Geologie<\/a><\/span><\/h4>\n<h4 style=\"text-align: center;\"><span style=\"font-size: 18pt; font-family: arial, helvetica, sans-serif;\"><a href=\"https:\/\/www.bgr.bund.de\/DE\/Home\/homepage_node.html\" target=\"_blank\" rel=\"noopener noreferrer\">Bundesanstalt f\u00fcr Geowissenschaften und Rohstoffe<\/a><\/span><\/h4>\n<h4 style=\"text-align: center;\"><span style=\"font-family: arial, helvetica, sans-serif; font-size: 18pt;\"><a href=\"http:\/\/www.oba.sachsen.de\/\" target=\"_blank\" rel=\"noopener noreferrer\">S\u00e4chsisches Oberbergamt<\/a><\/span><\/h4>\n<\/div><\/div><\/div><\/div><\/div><\/div><\/div><\/section>\n","protected":false},"excerpt":{"rendered":"Projekt-KoordinationBeak Consultants GmbH Projektmanagement Dr. Andreas Barth Geologie, Mineralien, Geochemie, Modellierung Andreas Brosig Peter Bock Enrico Kallmeier Andreas Knobloch Dr. Claus Legler Stefan Sch\u00e4fer Informationsmanagement Thomas Berndt Steffen Schmidt Matthias Stahl GIS \/ Kartographie Cornelia Repper Hannelore Scholz Web Design Steffen Schmidt PartnerHelmholtzinstitut Freiberg f\u00fcr Ressourcentechnologie Prof. Dr. Jens Gutzmer Sophia R\u00fctters Technische Universit\u00e4t Freiberg...","protected":false},"author":1,"featured_media":0,"parent":0,"menu_order":0,"comment_status":"closed","ping_status":"closed","template":"","meta":{"footnotes":""},"categories":[],"tags":[],"class_list":["post-8051","page","type-page","status-publish","hentry"],"_links":{"self":[{"href":"https:\/\/rohstoffe-erzgebirge.de\/en\/wp-json\/wp\/v2\/pages\/8051","targetHints":{"allow":["GET"]}}],"collection":[{"href":"https:\/\/rohstoffe-erzgebirge.de\/en\/wp-json\/wp\/v2\/pages"}],"about":[{"href":"https:\/\/rohstoffe-erzgebirge.de\/en\/wp-json\/wp\/v2\/types\/page"}],"author":[{"embeddable":true,"href":"https:\/\/rohstoffe-erzgebirge.de\/en\/wp-json\/wp\/v2\/users\/1"}],"replies":[{"embeddable":true,"href":"https:\/\/rohstoffe-erzgebirge.de\/en\/wp-json\/wp\/v2\/comments?post=8051"}],"version-history":[{"count":2,"href":"https:\/\/rohstoffe-erzgebirge.de\/en\/wp-json\/wp\/v2\/pages\/8051\/revisions"}],"predecessor-version":[{"id":8054,"href":"https:\/\/rohstoffe-erzgebirge.de\/en\/wp-json\/wp\/v2\/pages\/8051\/revisions\/8054"}],"wp:attachment":[{"href":"https:\/\/rohstoffe-erzgebirge.de\/en\/wp-json\/wp\/v2\/media?parent=8051"}],"wp:term":[{"taxonomy":"category","embeddable":true,"href":"https:\/\/rohstoffe-erzgebirge.de\/en\/wp-json\/wp\/v2\/categories?post=8051"},{"taxonomy":"post_tag","embeddable":true,"href":"https:\/\/rohstoffe-erzgebirge.de\/en\/wp-json\/wp\/v2\/tags?post=8051"}],"curies":[{"name":"wp","href":"https:\/\/api.w.org\/{rel}","templated":true}]}}